{"id":128,"date":"2024-09-11T16:12:24","date_gmt":"2024-09-11T14:12:24","guid":{"rendered":"https:\/\/hyrden.se\/?post_type=product&#038;p=128"},"modified":"2024-09-11T16:12:39","modified_gmt":"2024-09-11T14:12:39","slug":"slapkarra-med-kapa-kopia","status":"publish","type":"product","link":"https:\/\/hyrden.se\/?product=slapkarra-med-kapa-kopia","title":{"rendered":"Sl\u00e4pk\u00e4rra med k\u00e5pa (kopia)"},"content":{"rendered":"","protected":false},"excerpt":{"rendered":"<p>Smidig sl\u00e4pk\u00e4rra med k\u00e5pa.<\/p>\n<p>750 kg totalvikt<\/p>\n","protected":false},"featured_media":105,"template":"","meta":[],"product_cat":[16,17],"product_tag":[19,18],"class_list":{"0":"post-128","1":"product","2":"type-product","3":"status-publish","4":"has-post-thumbnail","6":"product_cat-slapkarra","7":"product_cat-uthyres","8":"product_tag-kapa","9":"product_tag-slapkarra","11":"first","12":"instock","13":"sold-individually","14":"taxable","15":"shipping-taxable","16":"purchasable","17":"product-type-simple"},"jetpack_sharing_enabled":true,"_links":{"self":[{"href":"https:\/\/hyrden.se\/index.php?rest_route=\/wp\/v2\/product\/128","targetHints":{"allow":["GET"]}}],"collection":[{"href":"https:\/\/hyrden.se\/index.php?rest_route=\/wp\/v2\/product"}],"about":[{"href":"https:\/\/hyrden.se\/index.php?rest_route=\/wp\/v2\/types\/product"}],"wp:featuredmedia":[{"embeddable":true,"href":"https:\/\/hyrden.se\/index.php?rest_route=\/wp\/v2\/media\/105"}],"wp:attachment":[{"href":"https:\/\/hyrden.se\/index.php?rest_route=%2Fwp%2Fv2%2Fmedia&parent=128"}],"wp:term":[{"taxonomy":"product_cat","embeddable":true,"href":"https:\/\/hyrden.se\/index.php?rest_route=%2Fwp%2Fv2%2Fproduct_cat&post=128"},{"taxonomy":"product_tag","embeddable":true,"href":"https:\/\/hyrden.se\/index.php?rest_route=%2Fwp%2Fv2%2Fproduct_tag&post=128"}],"curies":[{"name":"wp","href":"https:\/\/api.w.org\/{rel}","templated":true}]}}