{"id":55,"date":"2024-09-11T14:30:46","date_gmt":"2024-09-11T12:30:46","guid":{"rendered":"https:\/\/hyrden.se\/?page_id=55"},"modified":"2024-09-11T15:18:57","modified_gmt":"2024-09-11T13:18:57","slug":"cart","status":"publish","type":"page","link":"https:\/\/hyrden.se\/?page_id=55","title":{"rendered":"Cart"},"content":{"rendered":"<div data-block-name=\"woocommerce\/cart\" class=\"wp-block-woocommerce-cart alignwide is-loading\"><div data-block-name=\"woocommerce\/filled-cart-block\" class=\"wp-block-woocommerce-filled-cart-block\"><div data-block-name=\"woocommerce\/cart-items-block\" class=\"wp-block-woocommerce-cart-items-block\"><div data-block-name=\"woocommerce\/cart-line-items-block\" class=\"wp-block-woocommerce-cart-line-items-block\"><\/div>\n\n<div data-block-name=\"woocommerce\/cart-cross-sells-block\" class=\"wp-block-woocommerce-cart-cross-sells-block\"><h2 class=\"wp-block-heading has-large-font-size\">You may be interested in\u2026<\/h2>\n\n<div data-block-name=\"woocommerce\/cart-cross-sells-products-block\" class=\"wp-block-woocommerce-cart-cross-sells-products-block\"><\/div><\/div><\/div>\n\n<div data-block-name=\"woocommerce\/cart-totals-block\" class=\"wp-block-woocommerce-cart-totals-block\"><div data-block-name=\"woocommerce\/cart-order-summary-block\" class=\"wp-block-woocommerce-cart-order-summary-block\"><div data-block-name=\"woocommerce\/cart-order-summary-heading-block\" class=\"wp-block-woocommerce-cart-order-summary-heading-block\"><\/div><div data-block-name=\"woocommerce\/cart-order-summary-coupon-form-block\" class=\"wp-block-woocommerce-cart-order-summary-coupon-form-block\"><\/div><div data-block-name=\"woocommerce\/cart-order-summary-totals-block\" class=\"wp-block-woocommerce-cart-order-summary-totals-block\">\n<div data-block-name=\"woocommerce\/cart-order-summary-subtotal-block\" class=\"wp-block-woocommerce-cart-order-summary-subtotal-block\"><\/div>\n<div data-block-name=\"woocommerce\/cart-order-summary-discount-block\" class=\"wp-block-woocommerce-cart-order-summary-discount-block\"><\/div>\n<div data-block-name=\"woocommerce\/cart-order-summary-fee-block\" class=\"wp-block-woocommerce-cart-order-summary-fee-block\"><\/div>\n<div data-block-name=\"woocommerce\/cart-order-summary-shipping-block\" class=\"wp-block-woocommerce-cart-order-summary-shipping-block\"><\/div>\n<div data-block-name=\"woocommerce\/cart-order-summary-taxes-block\" class=\"wp-block-woocommerce-cart-order-summary-taxes-block\"><\/div><\/div><\/div>\n\n<div data-block-name=\"woocommerce\/cart-express-payment-block\" class=\"wp-block-woocommerce-cart-express-payment-block\"><\/div>\n\n<div data-block-name=\"woocommerce\/proceed-to-checkout-block\" class=\"wp-block-woocommerce-proceed-to-checkout-block\"><\/div>\n\n<div data-block-name=\"woocommerce\/cart-accepted-payment-methods-block\" class=\"wp-block-woocommerce-cart-accepted-payment-methods-block\"><\/div><\/div><\/div>\n\n<div data-block-name=\"woocommerce\/empty-cart-block\" class=\"wp-block-woocommerce-empty-cart-block\"><h2 class=\"wp-block-heading has-text-align-center with-empty-cart-icon wc-block-cart__empty-cart__title\">Your cart is currently empty!<\/h2>\n\n<hr class=\"wp-block-separator has-alpha-channel-opacity is-style-dots\"\/>\n\n<h2 class=\"wp-block-heading has-text-align-center\">New in store<\/h2>\n\n<div data-block-name=\"woocommerce\/product-new\" data-columns=\"4\" data-rows=\"1\" class=\"wc-block-grid wp-block-product-new wc-block-product-new has-4-columns\"><ul class=\"wc-block-grid__products\"><li class=\"wc-block-grid__product\">\n\t\t\t\t<a href=\"https:\/\/hyrden.se\/?product=test\" class=\"wc-block-grid__product-link\">\n\t\t\t\t\t\n\t\t\t\t\t<div class=\"wc-block-grid__product-image\"><img loading=\"lazy\" decoding=\"async\" width=\"250\" height=\"250\" src=\"https:\/\/hyrden.se\/wp-content\/uploads\/woocommerce-placeholder-250x250.png\" class=\"woocommerce-placeholder wp-post-image\" alt=\"\" srcset=\"https:\/\/hyrden.se\/wp-content\/uploads\/woocommerce-placeholder-250x250.png 250w, https:\/\/hyrden.se\/wp-content\/uploads\/woocommerce-placeholder-100x100.png 100w, https:\/\/hyrden.se\/wp-content\/uploads\/woocommerce-placeholder-350x350.png 350w, https:\/\/hyrden.se\/wp-content\/uploads\/woocommerce-placeholder-300x300.png 300w, https:\/\/hyrden.se\/wp-content\/uploads\/woocommerce-placeholder-1024x1024.png 1024w, https:\/\/hyrden.se\/wp-content\/uploads\/woocommerce-placeholder-150x150.png 150w, https:\/\/hyrden.se\/wp-content\/uploads\/woocommerce-placeholder-768x768.png 768w, https:\/\/hyrden.se\/wp-content\/uploads\/woocommerce-placeholder.png 1200w\" sizes=\"auto, 100vw\" \/><\/div>\n\t\t\t\t\t<div class=\"wc-block-grid__product-title\">test<\/div>\n\t\t\t\t<\/a>\n\t\t\t\t<div class=\"wc-block-grid__product-price price\"><\/div>\n\t\t\t\t\n\t\t\t\t<div class=\"wp-block-button wc-block-grid__product-add-to-cart\"><a href=\"https:\/\/hyrden.se\/?product=test\" aria-label=\"Read more about &ldquo;test&rdquo;\" data-quantity=\"1\" data-product_id=\"129\" data-product_sku=\"\" data-price=\"0\" rel=\"nofollow\" class=\"wp-block-button__link  add_to_cart_button\">Read more<\/a><\/div>\n\t\t\t<\/li><li class=\"wc-block-grid__product\">\n\t\t\t\t<a href=\"https:\/\/hyrden.se\/?product=slapkarra-med-kapa-kopia\" class=\"wc-block-grid__product-link\">\n\t\t\t\t\t\n\t\t\t\t\t<div class=\"wc-block-grid__product-image\"><img loading=\"lazy\" decoding=\"async\" width=\"250\" height=\"250\" src=\"https:\/\/hyrden.se\/wp-content\/uploads\/2024\/09\/wp4767721-scaled-250x250.jpg\" class=\"attachment-woocommerce_thumbnail size-woocommerce_thumbnail\" alt=\"Sl\u00e4pk\u00e4rra med k\u00e5pa (kopia)\" srcset=\"https:\/\/hyrden.se\/wp-content\/uploads\/2024\/09\/wp4767721-scaled-250x250.jpg 250w, https:\/\/hyrden.se\/wp-content\/uploads\/2024\/09\/wp4767721-100x100.jpg 100w, https:\/\/hyrden.se\/wp-content\/uploads\/2024\/09\/wp4767721-150x150.jpg 150w\" sizes=\"auto, 100vw\" \/><\/div>\n\t\t\t\t\t<div class=\"wc-block-grid__product-title\">Sl\u00e4pk\u00e4rra med k\u00e5pa (kopia)<\/div>\n\t\t\t\t<\/a>\n\t\t\t\t<div class=\"wc-block-grid__product-price price\"><span class=\"woocommerce-Price-amount amount\">160&nbsp;<span class=\"woocommerce-Price-currencySymbol\">&#107;&#114;<\/span><\/span><\/div>\n\t\t\t\t\n\t\t\t\t<div class=\"wp-block-button wc-block-grid__product-add-to-cart\"><a href=\"?add-to-cart=128\" aria-label=\"Add to cart: &ldquo;Sl\u00e4pk\u00e4rra med k\u00e5pa (kopia)&rdquo;\" data-quantity=\"1\" data-product_id=\"128\" data-product_sku=\"\" data-price=\"160\" rel=\"nofollow\" class=\"wp-block-button__link  add_to_cart_button ajax_add_to_cart\">Add to cart<\/a><\/div>\n\t\t\t<\/li><li class=\"wc-block-grid__product\">\n\t\t\t\t<a href=\"https:\/\/hyrden.se\/?product=slapkarra-med-kapa\" class=\"wc-block-grid__product-link\">\n\t\t\t\t\t\n\t\t\t\t\t<div class=\"wc-block-grid__product-image\"><img loading=\"lazy\" decoding=\"async\" width=\"250\" height=\"250\" src=\"https:\/\/hyrden.se\/wp-content\/uploads\/2024\/09\/wp4767721-scaled-250x250.jpg\" class=\"attachment-woocommerce_thumbnail size-woocommerce_thumbnail\" alt=\"Sl\u00e4pk\u00e4rra med k\u00e5pa\" srcset=\"https:\/\/hyrden.se\/wp-content\/uploads\/2024\/09\/wp4767721-scaled-250x250.jpg 250w, https:\/\/hyrden.se\/wp-content\/uploads\/2024\/09\/wp4767721-100x100.jpg 100w, https:\/\/hyrden.se\/wp-content\/uploads\/2024\/09\/wp4767721-150x150.jpg 150w\" sizes=\"auto, 100vw\" \/><\/div>\n\t\t\t\t\t<div class=\"wc-block-grid__product-title\">Sl\u00e4pk\u00e4rra med k\u00e5pa<\/div>\n\t\t\t\t<\/a>\n\t\t\t\t<div class=\"wc-block-grid__product-price price\"><span class=\"woocommerce-Price-amount amount\">160&nbsp;<span class=\"woocommerce-Price-currencySymbol\">&#107;&#114;<\/span><\/span> \/ Day<\/div>\n\t\t\t\t\n\t\t\t\t<div class=\"wp-block-button wc-block-grid__product-add-to-cart\"><a href=\"https:\/\/hyrden.se\/?product=slapkarra-med-kapa\" aria-label=\"Read more about &ldquo;Sl\u00e4pk\u00e4rra med k\u00e5pa&rdquo;\" data-quantity=\"1\" data-product_id=\"104\" data-product_sku=\"\" data-price=\"160\" rel=\"nofollow\" class=\"wp-block-button__link  add_to_cart_button\">Read more<\/a><\/div>\n\t\t\t<\/li><\/ul><\/div><\/div><\/div>","protected":false},"excerpt":{"rendered":"","protected":false},"author":1,"featured_media":0,"parent":0,"menu_order":0,"comment_status":"closed","ping_status":"closed","template":"","meta":{"footnotes":""},"class_list":["post-55","page","type-page","status-publish","hentry"],"jetpack_sharing_enabled":true,"_links":{"self":[{"href":"https:\/\/hyrden.se\/index.php?rest_route=\/wp\/v2\/pages\/55","targetHints":{"allow":["GET"]}}],"collection":[{"href":"https:\/\/hyrden.se\/index.php?rest_route=\/wp\/v2\/pages"}],"about":[{"href":"https:\/\/hyrden.se\/index.php?rest_route=\/wp\/v2\/types\/page"}],"author":[{"embeddable":true,"href":"https:\/\/hyrden.se\/index.php?rest_route=\/wp\/v2\/users\/1"}],"replies":[{"embeddable":true,"href":"https:\/\/hyrden.se\/index.php?rest_route=%2Fwp%2Fv2%2Fcomments&post=55"}],"version-history":[{"count":1,"href":"https:\/\/hyrden.se\/index.php?rest_route=\/wp\/v2\/pages\/55\/revisions"}],"predecessor-version":[{"id":125,"href":"https:\/\/hyrden.se\/index.php?rest_route=\/wp\/v2\/pages\/55\/revisions\/125"}],"wp:attachment":[{"href":"https:\/\/hyrden.se\/index.php?rest_route=%2Fwp%2Fv2%2Fmedia&parent=55"}],"curies":[{"name":"wp","href":"https:\/\/api.w.org\/{rel}","templated":true}]}}